{"id":6671,"date":"2025-07-30T01:01:21","date_gmt":"2025-07-30T01:01:21","guid":{"rendered":"https:\/\/www.bonpc.net\/pc\/?post_type=product&#038;p=6671"},"modified":"2025-08-02T19:49:40","modified_gmt":"2025-08-02T19:49:40","slug":"projector-epson-eb-e01","status":"publish","type":"product","link":"https:\/\/www.bonpc.net\/pc\/produit\/projector-epson-eb-e01\/","title":{"rendered":"Projector Epson EB-E01"},"content":{"rendered":"<p>Am\u00e9liorez l&#8217;exp\u00e9rience en classe gr\u00e2ce \u00e0 des projections expressives.<br \/>\nProfitez d&#8217;une projection exceptionnelle en classe \u00e0 un prix abordable avec le projecteur EB-E01. Dot\u00e9 de la technologie 3LCD avanc\u00e9e, ce projecteur ultra-lumineux de 3\u00a0300 lumens offre des images \u00e9clatantes et r\u00e9alistes. Con\u00e7u sp\u00e9cifiquement pour les salles de classe, l&#8217;EB-E01 stimule l&#8217;engagement et enrichit les plans de cours gr\u00e2ce \u00e0 la connexion HDMI. Con\u00e7u pour durer, ce projecteur robuste offre une lampe longue dur\u00e9e de 12\u00a0000 heures en mode \u00c9CO, ainsi qu&#8217;une installation et une flexibilit\u00e9 de positionnement pratiques pour une projection ais\u00e9e o\u00f9 que vous soyez dans la salle de classe.<\/p>\n<p>Technologie 3LCD pour un flux lumineux blanc et couleur homog\u00e8ne<br \/>\nR\u00e9solution XGA native et performances 4:3<br \/>\nDur\u00e9e de vie de la lampe jusqu&#8217;\u00e0 12\u00a0000 heures en mode \u00c9CO<br \/>\nInstallation et flexibilit\u00e9 de positionnement faciles<br \/>\nConnectivit\u00e9 HDMI<\/p>\n","protected":false},"excerpt":{"rendered":"<p>Am\u00e9liorez l&#8217;exp\u00e9rience en classe gr\u00e2ce \u00e0 des projections expressives. Profitez d&#8217;une projection exceptionnelle en classe \u00e0 un prix abordable avec le projecteur EB-E01. Dot\u00e9 de la technologie 3LCD avanc\u00e9e, ce<\/p>\n","protected":false},"featured_media":6673,"comment_status":"open","ping_status":"closed","template":"","meta":{"_acf_changed":false},"product_cat":[75,107,136],"product_tag":[],"class_list":{"0":"post-6671","1":"product","2":"type-product","3":"status-publish","4":"has-post-thumbnail","6":"product_cat-home-entertainment","7":"product_cat-projecteurs","8":"product_cat-video-cameras","10":"first","11":"instock","12":"purchasable","13":"product-type-simple"},"acf":[],"yoast_head":"<!-- This site is optimized with the Yoast SEO plugin v21.9.1 - https:\/\/yoast.com\/wordpress\/plugins\/seo\/ -->\n<title>Projector Epson EB-E01 - BonPC<\/title>\n<meta name=\"robots\" content=\"index, follow, max-snippet:-1, max-image-preview:large, max-video-preview:-1\" \/>\n<link rel=\"canonical\" href=\"https:\/\/www.bonpc.net\/pc\/produit\/projector-epson-eb-e01\/\" \/>\n<meta property=\"og:locale\" content=\"fr_FR\" \/>\n<meta property=\"og:type\" content=\"article\" \/>\n<meta property=\"og:title\" content=\"Projector Epson EB-E01 - BonPC\" \/>\n<meta property=\"og:description\" content=\"Am\u00e9liorez l&#8217;exp\u00e9rience en classe gr\u00e2ce \u00e0 des projections expressives. Profitez d&#8217;une projection exceptionnelle en classe \u00e0 un prix abordable avec le projecteur EB-E01. Dot\u00e9 de la technologie 3LCD avanc\u00e9e, ce\" \/>\n<meta property=\"og:url\" content=\"https:\/\/www.bonpc.net\/pc\/produit\/projector-epson-eb-e01\/\" \/>\n<meta property=\"og:site_name\" content=\"BonPC\" \/>\n<meta property=\"article:publisher\" content=\"https:\/\/www.facebook.com\/Bonpc224\" \/>\n<meta property=\"article:modified_time\" content=\"2025-08-02T19:49:40+00:00\" \/>\n<meta property=\"og:image\" content=\"https:\/\/www.bonpc.net\/pc\/wp-content\/uploads\/2025\/07\/3198_ebe01_.jpg\" \/>\n\t<meta property=\"og:image:width\" content=\"500\" \/>\n\t<meta property=\"og:image:height\" content=\"500\" \/>\n\t<meta property=\"og:image:type\" content=\"image\/jpeg\" \/>\n<meta name=\"twitter:card\" content=\"summary_large_image\" \/>\n<meta name=\"twitter:label1\" content=\"Dur\u00e9e de lecture estim\u00e9e\" \/>\n\t<meta name=\"twitter:data1\" content=\"1 minute\" \/>\n<script type=\"application\/ld+json\" class=\"yoast-schema-graph\">{\"@context\":\"https:\/\/schema.org\",\"@graph\":[{\"@type\":\"WebPage\",\"@id\":\"https:\/\/www.bonpc.net\/pc\/produit\/projector-epson-eb-e01\/\",\"url\":\"https:\/\/www.bonpc.net\/pc\/produit\/projector-epson-eb-e01\/\",\"name\":\"Projector Epson EB-E01 - BonPC\",\"isPartOf\":{\"@id\":\"https:\/\/www.bonpc.net\/pc\/#website\"},\"datePublished\":\"2025-07-30T01:01:21+00:00\",\"dateModified\":\"2025-08-02T19:49:40+00:00\",\"breadcrumb\":{\"@id\":\"https:\/\/www.bonpc.net\/pc\/produit\/projector-epson-eb-e01\/#breadcrumb\"},\"inLanguage\":\"fr-FR\",\"potentialAction\":[{\"@type\":\"ReadAction\",\"target\":[\"https:\/\/www.bonpc.net\/pc\/produit\/projector-epson-eb-e01\/\"]}]},{\"@type\":\"BreadcrumbList\",\"@id\":\"https:\/\/www.bonpc.net\/pc\/produit\/projector-epson-eb-e01\/#breadcrumb\",\"itemListElement\":[{\"@type\":\"ListItem\",\"position\":1,\"name\":\"Home\",\"item\":\"https:\/\/www.bonpc.net\/pc\/\"},{\"@type\":\"ListItem\",\"position\":2,\"name\":\"Shop\",\"item\":\"https:\/\/www.bonpc.net\/pc\/shop\/\"},{\"@type\":\"ListItem\",\"position\":3,\"name\":\"Projector Epson EB-E01\"}]},{\"@type\":\"WebSite\",\"@id\":\"https:\/\/www.bonpc.net\/pc\/#website\",\"url\":\"https:\/\/www.bonpc.net\/pc\/\",\"name\":\"BonPC\",\"description\":\"Ordinateur pour tous\",\"publisher\":{\"@id\":\"https:\/\/www.bonpc.net\/pc\/#organization\"},\"potentialAction\":[{\"@type\":\"SearchAction\",\"target\":{\"@type\":\"EntryPoint\",\"urlTemplate\":\"https:\/\/www.bonpc.net\/pc\/?s={search_term_string}\"},\"query-input\":\"required name=search_term_string\"}],\"inLanguage\":\"fr-FR\"},{\"@type\":\"Organization\",\"@id\":\"https:\/\/www.bonpc.net\/pc\/#organization\",\"name\":\"BonPC\",\"url\":\"https:\/\/www.bonpc.net\/pc\/\",\"logo\":{\"@type\":\"ImageObject\",\"inLanguage\":\"fr-FR\",\"@id\":\"https:\/\/www.bonpc.net\/pc\/#\/schema\/logo\/image\/\",\"url\":\"https:\/\/www.bonpc.net\/pc\/wp-content\/uploads\/2024\/02\/BONPC-LOGO-2@4x-1-e1707323111476.png\",\"contentUrl\":\"https:\/\/www.bonpc.net\/pc\/wp-content\/uploads\/2024\/02\/BONPC-LOGO-2@4x-1-e1707323111476.png\",\"width\":188,\"height\":60,\"caption\":\"BonPC\"},\"image\":{\"@id\":\"https:\/\/www.bonpc.net\/pc\/#\/schema\/logo\/image\/\"},\"sameAs\":[\"https:\/\/www.facebook.com\/Bonpc224\",\"https:\/\/www.instagram.com\/Bonpc24\",\"https:\/\/www.tiktok.com\/@bonpc24?_t=8jgkzBv0QkA&_r=1\",\"https:\/\/www.youtube.com\/@Bonpc-gq1bp\"]}]}<\/script>\n<!-- \/ Yoast SEO plugin. -->","yoast_head_json":{"title":"Projector Epson EB-E01 - BonPC","robots":{"index":"index","follow":"follow","max-snippet":"max-snippet:-1","max-image-preview":"max-image-preview:large","max-video-preview":"max-video-preview:-1"},"canonical":"https:\/\/www.bonpc.net\/pc\/produit\/projector-epson-eb-e01\/","og_locale":"fr_FR","og_type":"article","og_title":"Projector Epson EB-E01 - BonPC","og_description":"Am\u00e9liorez l&#8217;exp\u00e9rience en classe gr\u00e2ce \u00e0 des projections expressives. Profitez d&#8217;une projection exceptionnelle en classe \u00e0 un prix abordable avec le projecteur EB-E01. Dot\u00e9 de la technologie 3LCD avanc\u00e9e, ce","og_url":"https:\/\/www.bonpc.net\/pc\/produit\/projector-epson-eb-e01\/","og_site_name":"BonPC","article_publisher":"https:\/\/www.facebook.com\/Bonpc224","article_modified_time":"2025-08-02T19:49:40+00:00","og_image":[{"width":500,"height":500,"url":"https:\/\/www.bonpc.net\/pc\/wp-content\/uploads\/2025\/07\/3198_ebe01_.jpg","type":"image\/jpeg"}],"twitter_card":"summary_large_image","twitter_misc":{"Dur\u00e9e de lecture estim\u00e9e":"1 minute"},"schema":{"@context":"https:\/\/schema.org","@graph":[{"@type":"WebPage","@id":"https:\/\/www.bonpc.net\/pc\/produit\/projector-epson-eb-e01\/","url":"https:\/\/www.bonpc.net\/pc\/produit\/projector-epson-eb-e01\/","name":"Projector Epson EB-E01 - BonPC","isPartOf":{"@id":"https:\/\/www.bonpc.net\/pc\/#website"},"datePublished":"2025-07-30T01:01:21+00:00","dateModified":"2025-08-02T19:49:40+00:00","breadcrumb":{"@id":"https:\/\/www.bonpc.net\/pc\/produit\/projector-epson-eb-e01\/#breadcrumb"},"inLanguage":"fr-FR","potentialAction":[{"@type":"ReadAction","target":["https:\/\/www.bonpc.net\/pc\/produit\/projector-epson-eb-e01\/"]}]},{"@type":"BreadcrumbList","@id":"https:\/\/www.bonpc.net\/pc\/produit\/projector-epson-eb-e01\/#breadcrumb","itemListElement":[{"@type":"ListItem","position":1,"name":"Home","item":"https:\/\/www.bonpc.net\/pc\/"},{"@type":"ListItem","position":2,"name":"Shop","item":"https:\/\/www.bonpc.net\/pc\/shop\/"},{"@type":"ListItem","position":3,"name":"Projector Epson EB-E01"}]},{"@type":"WebSite","@id":"https:\/\/www.bonpc.net\/pc\/#website","url":"https:\/\/www.bonpc.net\/pc\/","name":"BonPC","description":"Ordinateur pour tous","publisher":{"@id":"https:\/\/www.bonpc.net\/pc\/#organization"},"potentialAction":[{"@type":"SearchAction","target":{"@type":"EntryPoint","urlTemplate":"https:\/\/www.bonpc.net\/pc\/?s={search_term_string}"},"query-input":"required name=search_term_string"}],"inLanguage":"fr-FR"},{"@type":"Organization","@id":"https:\/\/www.bonpc.net\/pc\/#organization","name":"BonPC","url":"https:\/\/www.bonpc.net\/pc\/","logo":{"@type":"ImageObject","inLanguage":"fr-FR","@id":"https:\/\/www.bonpc.net\/pc\/#\/schema\/logo\/image\/","url":"https:\/\/www.bonpc.net\/pc\/wp-content\/uploads\/2024\/02\/BONPC-LOGO-2@4x-1-e1707323111476.png","contentUrl":"https:\/\/www.bonpc.net\/pc\/wp-content\/uploads\/2024\/02\/BONPC-LOGO-2@4x-1-e1707323111476.png","width":188,"height":60,"caption":"BonPC"},"image":{"@id":"https:\/\/www.bonpc.net\/pc\/#\/schema\/logo\/image\/"},"sameAs":["https:\/\/www.facebook.com\/Bonpc224","https:\/\/www.instagram.com\/Bonpc24","https:\/\/www.tiktok.com\/@bonpc24?_t=8jgkzBv0QkA&_r=1","https:\/\/www.youtube.com\/@Bonpc-gq1bp"]}]}},"jetpack_sharing_enabled":true,"_links":{"self":[{"href":"https:\/\/www.bonpc.net\/pc\/wp-json\/wp\/v2\/product\/6671","targetHints":{"allow":["GET"]}}],"collection":[{"href":"https:\/\/www.bonpc.net\/pc\/wp-json\/wp\/v2\/product"}],"about":[{"href":"https:\/\/www.bonpc.net\/pc\/wp-json\/wp\/v2\/types\/product"}],"replies":[{"embeddable":true,"href":"https:\/\/www.bonpc.net\/pc\/wp-json\/wp\/v2\/comments?post=6671"}],"wp:featuredmedia":[{"embeddable":true,"href":"https:\/\/www.bonpc.net\/pc\/wp-json\/wp\/v2\/media\/6673"}],"wp:attachment":[{"href":"https:\/\/www.bonpc.net\/pc\/wp-json\/wp\/v2\/media?parent=6671"}],"wp:term":[{"taxonomy":"product_cat","embeddable":true,"href":"https:\/\/www.bonpc.net\/pc\/wp-json\/wp\/v2\/product_cat?post=6671"},{"taxonomy":"product_tag","embeddable":true,"href":"https:\/\/www.bonpc.net\/pc\/wp-json\/wp\/v2\/product_tag?post=6671"}],"curies":[{"name":"wp","href":"https:\/\/api.w.org\/{rel}","templated":true}]}}