{"id":6589,"date":"2025-07-29T20:51:24","date_gmt":"2025-07-29T20:51:24","guid":{"rendered":"https:\/\/www.bonpc.net\/pc\/?post_type=product&#038;p=6589"},"modified":"2025-08-02T20:31:46","modified_gmt":"2025-08-02T20:31:46","slug":"hp-color-laser-mfp-179fnw","status":"publish","type":"product","link":"https:\/\/www.bonpc.net\/pc\/produit\/hp-color-laser-mfp-179fnw\/","title":{"rendered":"HP Color Laser MFP 179fnw"},"content":{"rendered":"<p>B\u00e9n\u00e9ficiez de la performance et de la productivit\u00e9 d&#8217;une imprimante multifonction, la plus compacte au monde dans sa\u00a0<span class=\"m-text-nowrap\">cat\u00e9gorie.\u00a0<\/span>Imprimez, num\u00e9risez, copiez et t\u00e9l\u00e9copiez, obtenez des r\u00e9sultats couleur de haute qualit\u00e9, et effectuez vos impressions et num\u00e9risations directement sur votre\u00a0<span class=\"m-text-nowrap\">t\u00e9l\u00e9phone.<\/span><\/p>\n<ul>\n<li>Fonctions: Impression, copie, scan, fax<\/li>\n<li>Performance d\u2019impression: \u00a0 Vitesse d&#8217;impression jusqu&#8217;\u00e0 19 ppm (noir) et 4 ppm\u00a0<span class=\"m-text-nowrap\">(couleur)<span class=\"c-footnote-container\">\u00a0<sup><span class=\"footnote__number\">1<\/span><\/sup><\/span><\/span><\/li>\n<li>Qualit\u00e9 d&#8217;impression noire (optimale): Jusqu&#8217;\u00e0 600 x 600 ppp 4 bits<\/li>\n<li>Capacit\u00e9 du bac d&#8217;alimentation automatique: Standard, 40 feuilles<\/li>\n<\/ul>\n","protected":false},"excerpt":{"rendered":"<h3 class=\"h1 c-product-details__title c-default-container\">Imprimante multifonction laser couleur HP 179fnw (4ZB97A)<\/h3>\n<p class=\"h2 c-split-module__title\"><strong>Une qualit\u00e9 l\u00e9gendaire \u00e0 un prix abordable<\/strong><\/p>\n<p class=\"h4 c-split-module__description\">Obtenez la qualit\u00e9 que vous escomptez, un texte noir et pr\u00e9cis et des graphismes couleur \u00e9clatants gr\u00e2ce \u00e0 cette imprimante multifonction abordable.<\/p>\n","protected":false},"featured_media":6744,"comment_status":"open","ping_status":"closed","template":"","meta":{"_acf_changed":false},"product_cat":[188,105],"product_tag":[256,254,255],"class_list":{"0":"post-6589","1":"product","2":"type-product","3":"status-publish","4":"has-post-thumbnail","6":"product_cat-printers","7":"product_cat-printers-ink","8":"product_tag-hp-color-laser","9":"product_tag-hp-color-laser-mfp-179fnw","10":"product_tag-mfp-179fnw","12":"first","13":"instock","14":"purchasable","15":"product-type-simple"},"acf":[],"yoast_head":"<!-- This site is optimized with the Yoast SEO plugin v21.9.1 - https:\/\/yoast.com\/wordpress\/plugins\/seo\/ -->\n<title>HP Color Laser MFP 179fnw - BonPC<\/title>\n<meta name=\"robots\" content=\"index, follow, max-snippet:-1, max-image-preview:large, max-video-preview:-1\" \/>\n<link rel=\"canonical\" href=\"https:\/\/www.bonpc.net\/pc\/produit\/hp-color-laser-mfp-179fnw\/\" \/>\n<meta property=\"og:locale\" content=\"fr_FR\" \/>\n<meta property=\"og:type\" content=\"article\" \/>\n<meta property=\"og:title\" content=\"HP Color Laser MFP 179fnw - BonPC\" \/>\n<meta property=\"og:description\" content=\"Imprimante multifonction laser couleur HP 179fnw (4ZB97A) Une qualit\u00e9 l\u00e9gendaire \u00e0 un prix abordable Obtenez la qualit\u00e9 que vous escomptez, un texte noir et pr\u00e9cis et des graphismes couleur \u00e9clatants gr\u00e2ce \u00e0 cette imprimante multifonction abordable.\" \/>\n<meta property=\"og:url\" content=\"https:\/\/www.bonpc.net\/pc\/produit\/hp-color-laser-mfp-179fnw\/\" \/>\n<meta property=\"og:site_name\" content=\"BonPC\" \/>\n<meta property=\"article:publisher\" content=\"https:\/\/www.facebook.com\/Bonpc224\" \/>\n<meta property=\"article:modified_time\" content=\"2025-08-02T20:31:46+00:00\" \/>\n<meta name=\"twitter:card\" content=\"summary_large_image\" \/>\n<meta name=\"twitter:image\" content=\"https:\/\/www.bonpc.net\/pc\/wp-content\/uploads\/2025\/07\/c06321725_1750x1285.avif\" \/>\n<meta name=\"twitter:label1\" content=\"Dur\u00e9e de lecture estim\u00e9e\" \/>\n\t<meta name=\"twitter:data1\" content=\"1 minute\" \/>\n<script type=\"application\/ld+json\" class=\"yoast-schema-graph\">{\"@context\":\"https:\/\/schema.org\",\"@graph\":[{\"@type\":\"WebPage\",\"@id\":\"https:\/\/www.bonpc.net\/pc\/produit\/hp-color-laser-mfp-179fnw\/\",\"url\":\"https:\/\/www.bonpc.net\/pc\/produit\/hp-color-laser-mfp-179fnw\/\",\"name\":\"HP Color Laser MFP 179fnw - BonPC\",\"isPartOf\":{\"@id\":\"https:\/\/www.bonpc.net\/pc\/#website\"},\"datePublished\":\"2025-07-29T20:51:24+00:00\",\"dateModified\":\"2025-08-02T20:31:46+00:00\",\"breadcrumb\":{\"@id\":\"https:\/\/www.bonpc.net\/pc\/produit\/hp-color-laser-mfp-179fnw\/#breadcrumb\"},\"inLanguage\":\"fr-FR\",\"potentialAction\":[{\"@type\":\"ReadAction\",\"target\":[\"https:\/\/www.bonpc.net\/pc\/produit\/hp-color-laser-mfp-179fnw\/\"]}]},{\"@type\":\"BreadcrumbList\",\"@id\":\"https:\/\/www.bonpc.net\/pc\/produit\/hp-color-laser-mfp-179fnw\/#breadcrumb\",\"itemListElement\":[{\"@type\":\"ListItem\",\"position\":1,\"name\":\"Home\",\"item\":\"https:\/\/www.bonpc.net\/pc\/\"},{\"@type\":\"ListItem\",\"position\":2,\"name\":\"Shop\",\"item\":\"https:\/\/www.bonpc.net\/pc\/shop\/\"},{\"@type\":\"ListItem\",\"position\":3,\"name\":\"HP Color Laser MFP 179fnw\"}]},{\"@type\":\"WebSite\",\"@id\":\"https:\/\/www.bonpc.net\/pc\/#website\",\"url\":\"https:\/\/www.bonpc.net\/pc\/\",\"name\":\"BonPC\",\"description\":\"Ordinateur pour tous\",\"publisher\":{\"@id\":\"https:\/\/www.bonpc.net\/pc\/#organization\"},\"potentialAction\":[{\"@type\":\"SearchAction\",\"target\":{\"@type\":\"EntryPoint\",\"urlTemplate\":\"https:\/\/www.bonpc.net\/pc\/?s={search_term_string}\"},\"query-input\":\"required name=search_term_string\"}],\"inLanguage\":\"fr-FR\"},{\"@type\":\"Organization\",\"@id\":\"https:\/\/www.bonpc.net\/pc\/#organization\",\"name\":\"BonPC\",\"url\":\"https:\/\/www.bonpc.net\/pc\/\",\"logo\":{\"@type\":\"ImageObject\",\"inLanguage\":\"fr-FR\",\"@id\":\"https:\/\/www.bonpc.net\/pc\/#\/schema\/logo\/image\/\",\"url\":\"https:\/\/www.bonpc.net\/pc\/wp-content\/uploads\/2024\/02\/BONPC-LOGO-2@4x-1-e1707323111476.png\",\"contentUrl\":\"https:\/\/www.bonpc.net\/pc\/wp-content\/uploads\/2024\/02\/BONPC-LOGO-2@4x-1-e1707323111476.png\",\"width\":188,\"height\":60,\"caption\":\"BonPC\"},\"image\":{\"@id\":\"https:\/\/www.bonpc.net\/pc\/#\/schema\/logo\/image\/\"},\"sameAs\":[\"https:\/\/www.facebook.com\/Bonpc224\",\"https:\/\/www.instagram.com\/Bonpc24\",\"https:\/\/www.tiktok.com\/@bonpc24?_t=8jgkzBv0QkA&_r=1\",\"https:\/\/www.youtube.com\/@Bonpc-gq1bp\"]}]}<\/script>\n<!-- \/ Yoast SEO plugin. -->","yoast_head_json":{"title":"HP Color Laser MFP 179fnw - BonPC","robots":{"index":"index","follow":"follow","max-snippet":"max-snippet:-1","max-image-preview":"max-image-preview:large","max-video-preview":"max-video-preview:-1"},"canonical":"https:\/\/www.bonpc.net\/pc\/produit\/hp-color-laser-mfp-179fnw\/","og_locale":"fr_FR","og_type":"article","og_title":"HP Color Laser MFP 179fnw - BonPC","og_description":"Imprimante multifonction laser couleur HP 179fnw (4ZB97A) Une qualit\u00e9 l\u00e9gendaire \u00e0 un prix abordable Obtenez la qualit\u00e9 que vous escomptez, un texte noir et pr\u00e9cis et des graphismes couleur \u00e9clatants gr\u00e2ce \u00e0 cette imprimante multifonction abordable.","og_url":"https:\/\/www.bonpc.net\/pc\/produit\/hp-color-laser-mfp-179fnw\/","og_site_name":"BonPC","article_publisher":"https:\/\/www.facebook.com\/Bonpc224","article_modified_time":"2025-08-02T20:31:46+00:00","twitter_card":"summary_large_image","twitter_image":"https:\/\/www.bonpc.net\/pc\/wp-content\/uploads\/2025\/07\/c06321725_1750x1285.avif","twitter_misc":{"Dur\u00e9e de lecture estim\u00e9e":"1 minute"},"schema":{"@context":"https:\/\/schema.org","@graph":[{"@type":"WebPage","@id":"https:\/\/www.bonpc.net\/pc\/produit\/hp-color-laser-mfp-179fnw\/","url":"https:\/\/www.bonpc.net\/pc\/produit\/hp-color-laser-mfp-179fnw\/","name":"HP Color Laser MFP 179fnw - BonPC","isPartOf":{"@id":"https:\/\/www.bonpc.net\/pc\/#website"},"datePublished":"2025-07-29T20:51:24+00:00","dateModified":"2025-08-02T20:31:46+00:00","breadcrumb":{"@id":"https:\/\/www.bonpc.net\/pc\/produit\/hp-color-laser-mfp-179fnw\/#breadcrumb"},"inLanguage":"fr-FR","potentialAction":[{"@type":"ReadAction","target":["https:\/\/www.bonpc.net\/pc\/produit\/hp-color-laser-mfp-179fnw\/"]}]},{"@type":"BreadcrumbList","@id":"https:\/\/www.bonpc.net\/pc\/produit\/hp-color-laser-mfp-179fnw\/#breadcrumb","itemListElement":[{"@type":"ListItem","position":1,"name":"Home","item":"https:\/\/www.bonpc.net\/pc\/"},{"@type":"ListItem","position":2,"name":"Shop","item":"https:\/\/www.bonpc.net\/pc\/shop\/"},{"@type":"ListItem","position":3,"name":"HP Color Laser MFP 179fnw"}]},{"@type":"WebSite","@id":"https:\/\/www.bonpc.net\/pc\/#website","url":"https:\/\/www.bonpc.net\/pc\/","name":"BonPC","description":"Ordinateur pour tous","publisher":{"@id":"https:\/\/www.bonpc.net\/pc\/#organization"},"potentialAction":[{"@type":"SearchAction","target":{"@type":"EntryPoint","urlTemplate":"https:\/\/www.bonpc.net\/pc\/?s={search_term_string}"},"query-input":"required name=search_term_string"}],"inLanguage":"fr-FR"},{"@type":"Organization","@id":"https:\/\/www.bonpc.net\/pc\/#organization","name":"BonPC","url":"https:\/\/www.bonpc.net\/pc\/","logo":{"@type":"ImageObject","inLanguage":"fr-FR","@id":"https:\/\/www.bonpc.net\/pc\/#\/schema\/logo\/image\/","url":"https:\/\/www.bonpc.net\/pc\/wp-content\/uploads\/2024\/02\/BONPC-LOGO-2@4x-1-e1707323111476.png","contentUrl":"https:\/\/www.bonpc.net\/pc\/wp-content\/uploads\/2024\/02\/BONPC-LOGO-2@4x-1-e1707323111476.png","width":188,"height":60,"caption":"BonPC"},"image":{"@id":"https:\/\/www.bonpc.net\/pc\/#\/schema\/logo\/image\/"},"sameAs":["https:\/\/www.facebook.com\/Bonpc224","https:\/\/www.instagram.com\/Bonpc24","https:\/\/www.tiktok.com\/@bonpc24?_t=8jgkzBv0QkA&_r=1","https:\/\/www.youtube.com\/@Bonpc-gq1bp"]}]}},"jetpack_sharing_enabled":true,"_links":{"self":[{"href":"https:\/\/www.bonpc.net\/pc\/wp-json\/wp\/v2\/product\/6589","targetHints":{"allow":["GET"]}}],"collection":[{"href":"https:\/\/www.bonpc.net\/pc\/wp-json\/wp\/v2\/product"}],"about":[{"href":"https:\/\/www.bonpc.net\/pc\/wp-json\/wp\/v2\/types\/product"}],"replies":[{"embeddable":true,"href":"https:\/\/www.bonpc.net\/pc\/wp-json\/wp\/v2\/comments?post=6589"}],"wp:featuredmedia":[{"embeddable":true,"href":"https:\/\/www.bonpc.net\/pc\/wp-json\/wp\/v2\/media\/6744"}],"wp:attachment":[{"href":"https:\/\/www.bonpc.net\/pc\/wp-json\/wp\/v2\/media?parent=6589"}],"wp:term":[{"taxonomy":"product_cat","embeddable":true,"href":"https:\/\/www.bonpc.net\/pc\/wp-json\/wp\/v2\/product_cat?post=6589"},{"taxonomy":"product_tag","embeddable":true,"href":"https:\/\/www.bonpc.net\/pc\/wp-json\/wp\/v2\/product_tag?post=6589"}],"curies":[{"name":"wp","href":"https:\/\/api.w.org\/{rel}","templated":true}]}}