{"id":6547,"date":"2024-02-15T17:09:52","date_gmt":"2024-02-15T17:09:52","guid":{"rendered":"https:\/\/www.bonpc.net\/pc\/?post_type=product&#038;p=6547"},"modified":"2024-02-15T17:10:24","modified_gmt":"2024-02-15T17:10:24","slug":"hp-elitebook-840-g6-2","status":"publish","type":"product","link":"https:\/\/www.bonpc.net\/pc\/produit\/hp-elitebook-840-g6-2\/","title":{"rendered":"HP ELITEBOOK 840 G6"},"content":{"rendered":"<p><img fetchpriority=\"high\" decoding=\"async\" class=\"size-medium wp-image-6065 aligncenter\" src=\"https:\/\/bonpc.infosbruts.com\/wp-content\/uploads\/2016\/03\/HP-ELITEBOOK-840-G6-2-300x225.jpeg\" alt=\"\" width=\"300\" height=\"225\" srcset=\"https:\/\/www.bonpc.net\/pc\/wp-content\/uploads\/2016\/03\/HP-ELITEBOOK-840-G6-2-300x225.jpeg 300w, https:\/\/www.bonpc.net\/pc\/wp-content\/uploads\/2016\/03\/HP-ELITEBOOK-840-G6-2-1024x768.jpeg 1024w, https:\/\/www.bonpc.net\/pc\/wp-content\/uploads\/2016\/03\/HP-ELITEBOOK-840-G6-2-768x576.jpeg 768w, https:\/\/www.bonpc.net\/pc\/wp-content\/uploads\/2016\/03\/HP-ELITEBOOK-840-G6-2-1320x990.jpeg 1320w, https:\/\/www.bonpc.net\/pc\/wp-content\/uploads\/2016\/03\/HP-ELITEBOOK-840-G6-2-600x450.jpeg 600w, https:\/\/www.bonpc.net\/pc\/wp-content\/uploads\/2016\/03\/HP-ELITEBOOK-840-G6-2.jpeg 1400w\" sizes=\"(max-width: 300px) 100vw, 300px\" \/><\/p>\n<p>Con\u00e7u de mani\u00e8re unique pour le professionnel mobile moderne, le HP EliteBook 840 est un PC hautement s\u00e9curis\u00e9 et g\u00e9rable offrant de puissants outils de collaboration, permettant au personnel de l&#8217;entreprise d&#8217;\u00eatre plus productif et plus s\u00e9curis\u00e9 en d\u00e9placement ou au bureau.<\/p>\n<p><img decoding=\"async\" class=\"size-medium wp-image-6067 aligncenter\" src=\"https:\/\/bonpc.infosbruts.com\/wp-content\/uploads\/2016\/03\/HP-ELITEBOOK-840-G6-4-300x225.jpeg\" alt=\"\" width=\"300\" height=\"225\" srcset=\"https:\/\/www.bonpc.net\/pc\/wp-content\/uploads\/2016\/03\/HP-ELITEBOOK-840-G6-4-300x225.jpeg 300w, https:\/\/www.bonpc.net\/pc\/wp-content\/uploads\/2016\/03\/HP-ELITEBOOK-840-G6-4-1024x768.jpeg 1024w, https:\/\/www.bonpc.net\/pc\/wp-content\/uploads\/2016\/03\/HP-ELITEBOOK-840-G6-4-768x576.jpeg 768w, https:\/\/www.bonpc.net\/pc\/wp-content\/uploads\/2016\/03\/HP-ELITEBOOK-840-G6-4-1320x990.jpeg 1320w, https:\/\/www.bonpc.net\/pc\/wp-content\/uploads\/2016\/03\/HP-ELITEBOOK-840-G6-4-600x450.jpeg 600w, https:\/\/www.bonpc.net\/pc\/wp-content\/uploads\/2016\/03\/HP-ELITEBOOK-840-G6-4.jpeg 1400w\" sizes=\"(max-width: 300px) 100vw, 300px\" \/><\/p>\n<p>&nbsp;<\/p>\n","protected":false},"excerpt":{"rendered":"<ul>\n<li>\u200eDimensions \u00c9cran 14 Pouces<\/li>\n<li>RAM 8GB<\/li>\n<li>Disque dur 256GB SSD<\/li>\n<li>CPU 8th Generation Model Core i5<\/li>\n<\/ul>\n","protected":false},"featured_media":6545,"comment_status":"open","ping_status":"closed","template":"","meta":{"_acf_changed":false},"product_cat":[116,169],"product_tag":[],"class_list":{"0":"post-6547","1":"product","2":"type-product","3":"status-publish","4":"has-post-thumbnail","6":"product_cat-hp","7":"product_cat-desktop-pcs-laptops","9":"first","10":"instock","11":"purchasable","12":"product-type-simple"},"acf":[],"yoast_head":"<!-- This site is optimized with the Yoast SEO plugin v21.9.1 - https:\/\/yoast.com\/wordpress\/plugins\/seo\/ -->\n<title>HP ELITEBOOK 840 G6 - BonPC<\/title>\n<meta name=\"robots\" content=\"index, follow, max-snippet:-1, max-image-preview:large, max-video-preview:-1\" \/>\n<link rel=\"canonical\" href=\"https:\/\/www.bonpc.net\/pc\/produit\/hp-elitebook-840-g6-2\/\" \/>\n<meta property=\"og:locale\" content=\"fr_FR\" \/>\n<meta property=\"og:type\" content=\"article\" \/>\n<meta property=\"og:title\" content=\"HP ELITEBOOK 840 G6 - BonPC\" \/>\n<meta property=\"og:description\" content=\"\u200eDimensions \u00c9cran 14 Pouces  RAM 8GB  Disque dur 256GB SSD  CPU 8th Generation Model Core i5\" \/>\n<meta property=\"og:url\" content=\"https:\/\/www.bonpc.net\/pc\/produit\/hp-elitebook-840-g6-2\/\" \/>\n<meta property=\"og:site_name\" content=\"BonPC\" \/>\n<meta property=\"article:publisher\" content=\"https:\/\/www.facebook.com\/Bonpc224\" \/>\n<meta property=\"article:modified_time\" content=\"2024-02-15T17:10:24+00:00\" \/>\n<meta property=\"og:image\" content=\"https:\/\/www.bonpc.net\/pc\/wp-content\/uploads\/2016\/03\/hp-elitebook-840-g6-intel-core-i5-8365uu-16-go-512-ssd-14-full-hd.jpg\" \/>\n\t<meta property=\"og:image:width\" content=\"600\" \/>\n\t<meta property=\"og:image:height\" content=\"600\" \/>\n\t<meta property=\"og:image:type\" content=\"image\/jpeg\" \/>\n<meta name=\"twitter:card\" content=\"summary_large_image\" \/>\n<meta name=\"twitter:label1\" content=\"Dur\u00e9e de lecture estim\u00e9e\" \/>\n\t<meta name=\"twitter:data1\" content=\"1 minute\" \/>\n<script type=\"application\/ld+json\" class=\"yoast-schema-graph\">{\"@context\":\"https:\/\/schema.org\",\"@graph\":[{\"@type\":\"WebPage\",\"@id\":\"https:\/\/www.bonpc.net\/pc\/produit\/hp-elitebook-840-g6-2\/\",\"url\":\"https:\/\/www.bonpc.net\/pc\/produit\/hp-elitebook-840-g6-2\/\",\"name\":\"HP ELITEBOOK 840 G6 - BonPC\",\"isPartOf\":{\"@id\":\"https:\/\/www.bonpc.net\/pc\/#website\"},\"datePublished\":\"2024-02-15T17:09:52+00:00\",\"dateModified\":\"2024-02-15T17:10:24+00:00\",\"breadcrumb\":{\"@id\":\"https:\/\/www.bonpc.net\/pc\/produit\/hp-elitebook-840-g6-2\/#breadcrumb\"},\"inLanguage\":\"fr-FR\",\"potentialAction\":[{\"@type\":\"ReadAction\",\"target\":[\"https:\/\/www.bonpc.net\/pc\/produit\/hp-elitebook-840-g6-2\/\"]}]},{\"@type\":\"BreadcrumbList\",\"@id\":\"https:\/\/www.bonpc.net\/pc\/produit\/hp-elitebook-840-g6-2\/#breadcrumb\",\"itemListElement\":[{\"@type\":\"ListItem\",\"position\":1,\"name\":\"Home\",\"item\":\"https:\/\/www.bonpc.net\/pc\/\"},{\"@type\":\"ListItem\",\"position\":2,\"name\":\"Shop\",\"item\":\"https:\/\/www.bonpc.net\/pc\/shop\/\"},{\"@type\":\"ListItem\",\"position\":3,\"name\":\"HP ELITEBOOK 840 G6\"}]},{\"@type\":\"WebSite\",\"@id\":\"https:\/\/www.bonpc.net\/pc\/#website\",\"url\":\"https:\/\/www.bonpc.net\/pc\/\",\"name\":\"BonPC\",\"description\":\"Ordinateur pour tous\",\"publisher\":{\"@id\":\"https:\/\/www.bonpc.net\/pc\/#organization\"},\"potentialAction\":[{\"@type\":\"SearchAction\",\"target\":{\"@type\":\"EntryPoint\",\"urlTemplate\":\"https:\/\/www.bonpc.net\/pc\/?s={search_term_string}\"},\"query-input\":\"required name=search_term_string\"}],\"inLanguage\":\"fr-FR\"},{\"@type\":\"Organization\",\"@id\":\"https:\/\/www.bonpc.net\/pc\/#organization\",\"name\":\"BonPC\",\"url\":\"https:\/\/www.bonpc.net\/pc\/\",\"logo\":{\"@type\":\"ImageObject\",\"inLanguage\":\"fr-FR\",\"@id\":\"https:\/\/www.bonpc.net\/pc\/#\/schema\/logo\/image\/\",\"url\":\"https:\/\/www.bonpc.net\/pc\/wp-content\/uploads\/2024\/02\/BONPC-LOGO-2@4x-1-e1707323111476.png\",\"contentUrl\":\"https:\/\/www.bonpc.net\/pc\/wp-content\/uploads\/2024\/02\/BONPC-LOGO-2@4x-1-e1707323111476.png\",\"width\":188,\"height\":60,\"caption\":\"BonPC\"},\"image\":{\"@id\":\"https:\/\/www.bonpc.net\/pc\/#\/schema\/logo\/image\/\"},\"sameAs\":[\"https:\/\/www.facebook.com\/Bonpc224\",\"https:\/\/www.instagram.com\/Bonpc24\",\"https:\/\/www.tiktok.com\/@bonpc24?_t=8jgkzBv0QkA&_r=1\",\"https:\/\/www.youtube.com\/@Bonpc-gq1bp\"]}]}<\/script>\n<!-- \/ Yoast SEO plugin. -->","yoast_head_json":{"title":"HP ELITEBOOK 840 G6 - BonPC","robots":{"index":"index","follow":"follow","max-snippet":"max-snippet:-1","max-image-preview":"max-image-preview:large","max-video-preview":"max-video-preview:-1"},"canonical":"https:\/\/www.bonpc.net\/pc\/produit\/hp-elitebook-840-g6-2\/","og_locale":"fr_FR","og_type":"article","og_title":"HP ELITEBOOK 840 G6 - BonPC","og_description":"\u200eDimensions \u00c9cran 14 Pouces  RAM 8GB  Disque dur 256GB SSD  CPU 8th Generation Model Core i5","og_url":"https:\/\/www.bonpc.net\/pc\/produit\/hp-elitebook-840-g6-2\/","og_site_name":"BonPC","article_publisher":"https:\/\/www.facebook.com\/Bonpc224","article_modified_time":"2024-02-15T17:10:24+00:00","og_image":[{"width":600,"height":600,"url":"https:\/\/www.bonpc.net\/pc\/wp-content\/uploads\/2016\/03\/hp-elitebook-840-g6-intel-core-i5-8365uu-16-go-512-ssd-14-full-hd.jpg","type":"image\/jpeg"}],"twitter_card":"summary_large_image","twitter_misc":{"Dur\u00e9e de lecture estim\u00e9e":"1 minute"},"schema":{"@context":"https:\/\/schema.org","@graph":[{"@type":"WebPage","@id":"https:\/\/www.bonpc.net\/pc\/produit\/hp-elitebook-840-g6-2\/","url":"https:\/\/www.bonpc.net\/pc\/produit\/hp-elitebook-840-g6-2\/","name":"HP ELITEBOOK 840 G6 - BonPC","isPartOf":{"@id":"https:\/\/www.bonpc.net\/pc\/#website"},"datePublished":"2024-02-15T17:09:52+00:00","dateModified":"2024-02-15T17:10:24+00:00","breadcrumb":{"@id":"https:\/\/www.bonpc.net\/pc\/produit\/hp-elitebook-840-g6-2\/#breadcrumb"},"inLanguage":"fr-FR","potentialAction":[{"@type":"ReadAction","target":["https:\/\/www.bonpc.net\/pc\/produit\/hp-elitebook-840-g6-2\/"]}]},{"@type":"BreadcrumbList","@id":"https:\/\/www.bonpc.net\/pc\/produit\/hp-elitebook-840-g6-2\/#breadcrumb","itemListElement":[{"@type":"ListItem","position":1,"name":"Home","item":"https:\/\/www.bonpc.net\/pc\/"},{"@type":"ListItem","position":2,"name":"Shop","item":"https:\/\/www.bonpc.net\/pc\/shop\/"},{"@type":"ListItem","position":3,"name":"HP ELITEBOOK 840 G6"}]},{"@type":"WebSite","@id":"https:\/\/www.bonpc.net\/pc\/#website","url":"https:\/\/www.bonpc.net\/pc\/","name":"BonPC","description":"Ordinateur pour tous","publisher":{"@id":"https:\/\/www.bonpc.net\/pc\/#organization"},"potentialAction":[{"@type":"SearchAction","target":{"@type":"EntryPoint","urlTemplate":"https:\/\/www.bonpc.net\/pc\/?s={search_term_string}"},"query-input":"required name=search_term_string"}],"inLanguage":"fr-FR"},{"@type":"Organization","@id":"https:\/\/www.bonpc.net\/pc\/#organization","name":"BonPC","url":"https:\/\/www.bonpc.net\/pc\/","logo":{"@type":"ImageObject","inLanguage":"fr-FR","@id":"https:\/\/www.bonpc.net\/pc\/#\/schema\/logo\/image\/","url":"https:\/\/www.bonpc.net\/pc\/wp-content\/uploads\/2024\/02\/BONPC-LOGO-2@4x-1-e1707323111476.png","contentUrl":"https:\/\/www.bonpc.net\/pc\/wp-content\/uploads\/2024\/02\/BONPC-LOGO-2@4x-1-e1707323111476.png","width":188,"height":60,"caption":"BonPC"},"image":{"@id":"https:\/\/www.bonpc.net\/pc\/#\/schema\/logo\/image\/"},"sameAs":["https:\/\/www.facebook.com\/Bonpc224","https:\/\/www.instagram.com\/Bonpc24","https:\/\/www.tiktok.com\/@bonpc24?_t=8jgkzBv0QkA&_r=1","https:\/\/www.youtube.com\/@Bonpc-gq1bp"]}]}},"jetpack_sharing_enabled":true,"_links":{"self":[{"href":"https:\/\/www.bonpc.net\/pc\/wp-json\/wp\/v2\/product\/6547","targetHints":{"allow":["GET"]}}],"collection":[{"href":"https:\/\/www.bonpc.net\/pc\/wp-json\/wp\/v2\/product"}],"about":[{"href":"https:\/\/www.bonpc.net\/pc\/wp-json\/wp\/v2\/types\/product"}],"replies":[{"embeddable":true,"href":"https:\/\/www.bonpc.net\/pc\/wp-json\/wp\/v2\/comments?post=6547"}],"wp:featuredmedia":[{"embeddable":true,"href":"https:\/\/www.bonpc.net\/pc\/wp-json\/wp\/v2\/media\/6545"}],"wp:attachment":[{"href":"https:\/\/www.bonpc.net\/pc\/wp-json\/wp\/v2\/media?parent=6547"}],"wp:term":[{"taxonomy":"product_cat","embeddable":true,"href":"https:\/\/www.bonpc.net\/pc\/wp-json\/wp\/v2\/product_cat?post=6547"},{"taxonomy":"product_tag","embeddable":true,"href":"https:\/\/www.bonpc.net\/pc\/wp-json\/wp\/v2\/product_tag?post=6547"}],"curies":[{"name":"wp","href":"https:\/\/api.w.org\/{rel}","templated":true}]}}