{"id":5907,"date":"2024-02-04T00:02:49","date_gmt":"2024-02-04T00:02:49","guid":{"rendered":"https:\/\/bonpc.infosbruts.com\/?post_type=product&#038;p=5907"},"modified":"2024-02-07T05:11:51","modified_gmt":"2024-02-07T05:11:51","slug":"dell-latitude-5400-i7","status":"publish","type":"product","link":"https:\/\/www.bonpc.net\/pc\/produit\/dell-latitude-5400-i7\/","title":{"rendered":"DELL LATITUDE 5400 i7"},"content":{"rendered":"<p>Processeur\u00a0Intel Core\u00a0i7-8665U de 8e\u00a0g\u00e9n\u00e9ration (8\u00a0Mo de m\u00e9moire cache, 4\u00a0c\u0153urs\/8\u00a0threads, 1,9\u00a0GHz \u00e0 4,8\u00a0GHz, TDP 15\u00a0W, vPro)<br \/>\nAliment\u00e9 par un processeur Intel Core i7-8665U quadric\u0153ur \u00e0 1,9 GHz, cet ordinateur portable est \u00e9quip\u00e9 de 8 Go de RAM DDR4, d&#8217;un SSD de 256 Go, d&#8217;un \u00e9cran 14&#8243; 1920 x 1080 et d&#8217;un c\u0153ur graphique Intel UHD 620 int\u00e9gr\u00e9.<\/p>\n","protected":false},"excerpt":{"rendered":"<p>Processeur\u00a0Intel Core\u00a0i7-8665U de 8e\u00a0g\u00e9n\u00e9ration (8\u00a0Mo de m\u00e9moire cache, 4\u00a0c\u0153urs\/8\u00a0threads, 1,9\u00a0GHz \u00e0 4,8\u00a0GHz, TDP 15\u00a0W, vPro)<\/p>\n","protected":false},"featured_media":5909,"comment_status":"open","ping_status":"closed","template":"","meta":{"_acf_changed":false},"product_cat":[133,169,180],"product_tag":[],"class_list":{"0":"post-5907","1":"product","2":"type-product","3":"status-publish","4":"has-post-thumbnail","6":"product_cat-dell","7":"product_cat-desktop-pcs-laptops","8":"product_cat-ordinateurs-portables","10":"first","11":"instock","12":"taxable","13":"shipping-taxable","14":"purchasable","15":"product-type-simple"},"acf":[],"yoast_head":"<!-- This site is optimized with the Yoast SEO plugin v21.9.1 - https:\/\/yoast.com\/wordpress\/plugins\/seo\/ -->\n<title>DELL LATITUDE 5400 i7 - BonPC<\/title>\n<meta name=\"robots\" content=\"index, follow, max-snippet:-1, max-image-preview:large, max-video-preview:-1\" \/>\n<link rel=\"canonical\" href=\"https:\/\/www.bonpc.net\/pc\/produit\/dell-latitude-5400-i7\/\" \/>\n<meta property=\"og:locale\" content=\"fr_FR\" \/>\n<meta property=\"og:type\" content=\"article\" \/>\n<meta property=\"og:title\" content=\"DELL LATITUDE 5400 i7 - BonPC\" \/>\n<meta property=\"og:description\" content=\"Processeur\u00a0Intel Core\u00a0i7-8665U de 8e\u00a0g\u00e9n\u00e9ration (8\u00a0Mo de m\u00e9moire cache, 4\u00a0c\u0153urs\/8\u00a0threads, 1,9\u00a0GHz \u00e0 4,8\u00a0GHz, TDP 15\u00a0W, vPro)\" \/>\n<meta property=\"og:url\" content=\"https:\/\/www.bonpc.net\/pc\/produit\/dell-latitude-5400-i7\/\" \/>\n<meta property=\"og:site_name\" content=\"BonPC\" \/>\n<meta property=\"article:publisher\" content=\"https:\/\/www.facebook.com\/Bonpc224\" \/>\n<meta property=\"article:modified_time\" content=\"2024-02-07T05:11:51+00:00\" \/>\n<meta property=\"og:image\" content=\"https:\/\/www.bonpc.net\/pc\/wp-content\/uploads\/2024\/02\/61d5EQ8j7oS.__AC_SX300_SY300_QL70_FMwebp_.webp\" \/>\n\t<meta property=\"og:image:width\" content=\"300\" \/>\n\t<meta property=\"og:image:height\" content=\"202\" \/>\n\t<meta property=\"og:image:type\" content=\"image\/webp\" \/>\n<meta name=\"twitter:card\" content=\"summary_large_image\" \/>\n<script type=\"application\/ld+json\" class=\"yoast-schema-graph\">{\"@context\":\"https:\/\/schema.org\",\"@graph\":[{\"@type\":\"WebPage\",\"@id\":\"https:\/\/www.bonpc.net\/pc\/produit\/dell-latitude-5400-i7\/\",\"url\":\"https:\/\/www.bonpc.net\/pc\/produit\/dell-latitude-5400-i7\/\",\"name\":\"DELL LATITUDE 5400 i7 - BonPC\",\"isPartOf\":{\"@id\":\"https:\/\/www.bonpc.net\/pc\/#website\"},\"datePublished\":\"2024-02-04T00:02:49+00:00\",\"dateModified\":\"2024-02-07T05:11:51+00:00\",\"breadcrumb\":{\"@id\":\"https:\/\/www.bonpc.net\/pc\/produit\/dell-latitude-5400-i7\/#breadcrumb\"},\"inLanguage\":\"fr-FR\",\"potentialAction\":[{\"@type\":\"ReadAction\",\"target\":[\"https:\/\/www.bonpc.net\/pc\/produit\/dell-latitude-5400-i7\/\"]}]},{\"@type\":\"BreadcrumbList\",\"@id\":\"https:\/\/www.bonpc.net\/pc\/produit\/dell-latitude-5400-i7\/#breadcrumb\",\"itemListElement\":[{\"@type\":\"ListItem\",\"position\":1,\"name\":\"Home\",\"item\":\"https:\/\/www.bonpc.net\/pc\/\"},{\"@type\":\"ListItem\",\"position\":2,\"name\":\"Shop\",\"item\":\"https:\/\/www.bonpc.net\/pc\/shop\/\"},{\"@type\":\"ListItem\",\"position\":3,\"name\":\"DELL LATITUDE 5400 i7\"}]},{\"@type\":\"WebSite\",\"@id\":\"https:\/\/www.bonpc.net\/pc\/#website\",\"url\":\"https:\/\/www.bonpc.net\/pc\/\",\"name\":\"BonPC\",\"description\":\"Ordinateur pour tous\",\"publisher\":{\"@id\":\"https:\/\/www.bonpc.net\/pc\/#organization\"},\"potentialAction\":[{\"@type\":\"SearchAction\",\"target\":{\"@type\":\"EntryPoint\",\"urlTemplate\":\"https:\/\/www.bonpc.net\/pc\/?s={search_term_string}\"},\"query-input\":\"required name=search_term_string\"}],\"inLanguage\":\"fr-FR\"},{\"@type\":\"Organization\",\"@id\":\"https:\/\/www.bonpc.net\/pc\/#organization\",\"name\":\"BonPC\",\"url\":\"https:\/\/www.bonpc.net\/pc\/\",\"logo\":{\"@type\":\"ImageObject\",\"inLanguage\":\"fr-FR\",\"@id\":\"https:\/\/www.bonpc.net\/pc\/#\/schema\/logo\/image\/\",\"url\":\"https:\/\/www.bonpc.net\/pc\/wp-content\/uploads\/2024\/02\/BONPC-LOGO-2@4x-1-e1707323111476.png\",\"contentUrl\":\"https:\/\/www.bonpc.net\/pc\/wp-content\/uploads\/2024\/02\/BONPC-LOGO-2@4x-1-e1707323111476.png\",\"width\":188,\"height\":60,\"caption\":\"BonPC\"},\"image\":{\"@id\":\"https:\/\/www.bonpc.net\/pc\/#\/schema\/logo\/image\/\"},\"sameAs\":[\"https:\/\/www.facebook.com\/Bonpc224\",\"https:\/\/www.instagram.com\/Bonpc24\",\"https:\/\/www.tiktok.com\/@bonpc24?_t=8jgkzBv0QkA&_r=1\",\"https:\/\/www.youtube.com\/@Bonpc-gq1bp\"]}]}<\/script>\n<!-- \/ Yoast SEO plugin. -->","yoast_head_json":{"title":"DELL LATITUDE 5400 i7 - BonPC","robots":{"index":"index","follow":"follow","max-snippet":"max-snippet:-1","max-image-preview":"max-image-preview:large","max-video-preview":"max-video-preview:-1"},"canonical":"https:\/\/www.bonpc.net\/pc\/produit\/dell-latitude-5400-i7\/","og_locale":"fr_FR","og_type":"article","og_title":"DELL LATITUDE 5400 i7 - BonPC","og_description":"Processeur\u00a0Intel Core\u00a0i7-8665U de 8e\u00a0g\u00e9n\u00e9ration (8\u00a0Mo de m\u00e9moire cache, 4\u00a0c\u0153urs\/8\u00a0threads, 1,9\u00a0GHz \u00e0 4,8\u00a0GHz, TDP 15\u00a0W, vPro)","og_url":"https:\/\/www.bonpc.net\/pc\/produit\/dell-latitude-5400-i7\/","og_site_name":"BonPC","article_publisher":"https:\/\/www.facebook.com\/Bonpc224","article_modified_time":"2024-02-07T05:11:51+00:00","og_image":[{"width":300,"height":202,"url":"https:\/\/www.bonpc.net\/pc\/wp-content\/uploads\/2024\/02\/61d5EQ8j7oS.__AC_SX300_SY300_QL70_FMwebp_.webp","type":"image\/webp"}],"twitter_card":"summary_large_image","schema":{"@context":"https:\/\/schema.org","@graph":[{"@type":"WebPage","@id":"https:\/\/www.bonpc.net\/pc\/produit\/dell-latitude-5400-i7\/","url":"https:\/\/www.bonpc.net\/pc\/produit\/dell-latitude-5400-i7\/","name":"DELL LATITUDE 5400 i7 - BonPC","isPartOf":{"@id":"https:\/\/www.bonpc.net\/pc\/#website"},"datePublished":"2024-02-04T00:02:49+00:00","dateModified":"2024-02-07T05:11:51+00:00","breadcrumb":{"@id":"https:\/\/www.bonpc.net\/pc\/produit\/dell-latitude-5400-i7\/#breadcrumb"},"inLanguage":"fr-FR","potentialAction":[{"@type":"ReadAction","target":["https:\/\/www.bonpc.net\/pc\/produit\/dell-latitude-5400-i7\/"]}]},{"@type":"BreadcrumbList","@id":"https:\/\/www.bonpc.net\/pc\/produit\/dell-latitude-5400-i7\/#breadcrumb","itemListElement":[{"@type":"ListItem","position":1,"name":"Home","item":"https:\/\/www.bonpc.net\/pc\/"},{"@type":"ListItem","position":2,"name":"Shop","item":"https:\/\/www.bonpc.net\/pc\/shop\/"},{"@type":"ListItem","position":3,"name":"DELL LATITUDE 5400 i7"}]},{"@type":"WebSite","@id":"https:\/\/www.bonpc.net\/pc\/#website","url":"https:\/\/www.bonpc.net\/pc\/","name":"BonPC","description":"Ordinateur pour tous","publisher":{"@id":"https:\/\/www.bonpc.net\/pc\/#organization"},"potentialAction":[{"@type":"SearchAction","target":{"@type":"EntryPoint","urlTemplate":"https:\/\/www.bonpc.net\/pc\/?s={search_term_string}"},"query-input":"required name=search_term_string"}],"inLanguage":"fr-FR"},{"@type":"Organization","@id":"https:\/\/www.bonpc.net\/pc\/#organization","name":"BonPC","url":"https:\/\/www.bonpc.net\/pc\/","logo":{"@type":"ImageObject","inLanguage":"fr-FR","@id":"https:\/\/www.bonpc.net\/pc\/#\/schema\/logo\/image\/","url":"https:\/\/www.bonpc.net\/pc\/wp-content\/uploads\/2024\/02\/BONPC-LOGO-2@4x-1-e1707323111476.png","contentUrl":"https:\/\/www.bonpc.net\/pc\/wp-content\/uploads\/2024\/02\/BONPC-LOGO-2@4x-1-e1707323111476.png","width":188,"height":60,"caption":"BonPC"},"image":{"@id":"https:\/\/www.bonpc.net\/pc\/#\/schema\/logo\/image\/"},"sameAs":["https:\/\/www.facebook.com\/Bonpc224","https:\/\/www.instagram.com\/Bonpc24","https:\/\/www.tiktok.com\/@bonpc24?_t=8jgkzBv0QkA&_r=1","https:\/\/www.youtube.com\/@Bonpc-gq1bp"]}]}},"jetpack_sharing_enabled":true,"_links":{"self":[{"href":"https:\/\/www.bonpc.net\/pc\/wp-json\/wp\/v2\/product\/5907","targetHints":{"allow":["GET"]}}],"collection":[{"href":"https:\/\/www.bonpc.net\/pc\/wp-json\/wp\/v2\/product"}],"about":[{"href":"https:\/\/www.bonpc.net\/pc\/wp-json\/wp\/v2\/types\/product"}],"replies":[{"embeddable":true,"href":"https:\/\/www.bonpc.net\/pc\/wp-json\/wp\/v2\/comments?post=5907"}],"wp:featuredmedia":[{"embeddable":true,"href":"https:\/\/www.bonpc.net\/pc\/wp-json\/wp\/v2\/media\/5909"}],"wp:attachment":[{"href":"https:\/\/www.bonpc.net\/pc\/wp-json\/wp\/v2\/media?parent=5907"}],"wp:term":[{"taxonomy":"product_cat","embeddable":true,"href":"https:\/\/www.bonpc.net\/pc\/wp-json\/wp\/v2\/product_cat?post=5907"},{"taxonomy":"product_tag","embeddable":true,"href":"https:\/\/www.bonpc.net\/pc\/wp-json\/wp\/v2\/product_tag?post=5907"}],"curies":[{"name":"wp","href":"https:\/\/api.w.org\/{rel}","templated":true}]}}