{"id":2621,"date":"2024-02-07T05:23:20","date_gmt":"2024-02-07T05:23:20","guid":{"rendered":"https:\/\/electro.madrasthemes.com\/?post_type=product&#038;p=2621"},"modified":"2025-08-02T19:59:57","modified_gmt":"2025-08-02T19:59:57","slug":"epson-l3251","status":"publish","type":"product","link":"https:\/\/www.bonpc.net\/pc\/produit\/epson-l3251\/","title":{"rendered":"EPSON EcoTank L3251"},"content":{"rendered":"<p>&nbsp;<\/p>\n<p>Cette imprimante EcoTank vous permet d&#8217;\u00e9conomiser jusqu&#8217;\u00e0 90 % sur les co\u00fbts d&#8217;impression1 et est livr\u00e9e avec jusqu&#8217;\u00e0 3 ans d&#8217;encre dans la bo\u00eete2. Imprimez jusqu&#8217;\u00e0 8\u00a0100 pages en noir et 6\u00a0500 en couleur3 avec l&#8217;encre incluse, et un jeu de bouteilles d&#8217;encre de remplacement fournit l&#8217;\u00e9quivalent de 66 cartouches d&#8217;encre1.<\/p>\n<p>&nbsp;<\/p>\n<p><img fetchpriority=\"high\" decoding=\"async\" class=\"size-medium wp-image-6095 aligncenter\" src=\"https:\/\/bonpc.infosbruts.com\/wp-content\/uploads\/2016\/03\/a13317-productpicture-hires-en-int-l3251_printer_yield_images_cee-300x262.jpeg\" alt=\"\" width=\"300\" height=\"262\" srcset=\"https:\/\/www.bonpc.net\/pc\/wp-content\/uploads\/2016\/03\/a13317-productpicture-hires-en-int-l3251_printer_yield_images_cee-300x262.jpeg 300w, https:\/\/www.bonpc.net\/pc\/wp-content\/uploads\/2016\/03\/a13317-productpicture-hires-en-int-l3251_printer_yield_images_cee-1024x895.jpeg 1024w, https:\/\/www.bonpc.net\/pc\/wp-content\/uploads\/2016\/03\/a13317-productpicture-hires-en-int-l3251_printer_yield_images_cee-768x671.jpeg 768w, https:\/\/www.bonpc.net\/pc\/wp-content\/uploads\/2016\/03\/a13317-productpicture-hires-en-int-l3251_printer_yield_images_cee-1536x1342.jpeg 1536w, https:\/\/www.bonpc.net\/pc\/wp-content\/uploads\/2016\/03\/a13317-productpicture-hires-en-int-l3251_printer_yield_images_cee-1320x1154.jpeg 1320w, https:\/\/www.bonpc.net\/pc\/wp-content\/uploads\/2016\/03\/a13317-productpicture-hires-en-int-l3251_printer_yield_images_cee-600x524.jpeg 600w, https:\/\/www.bonpc.net\/pc\/wp-content\/uploads\/2016\/03\/a13317-productpicture-hires-en-int-l3251_printer_yield_images_cee.jpeg 2000w\" sizes=\"(max-width: 300px) 100vw, 300px\" \/><\/p>\n<p>&nbsp;<\/p>\n","protected":false},"excerpt":{"rendered":"<p>Dites adieu aux cartouches<\/p>\n<ul>\n<li><span class=\"a-list-item\">Impression \u00e0 tr\u00e8s faible co\u00fbt \u00c9conomisez jusqu&#8217;\u00e0 90 % sur les co\u00fbts d&#8217;impression1<\/span><\/li>\n<li><span class=\"a-list-item\">Jusqu&#8217;\u00e0 3 ans d&#8217;encre3 dans la bo\u00eete Comprend 8 100 pages en noir et blanc et 6 500 en couleur3<\/span><\/li>\n<li><span class=\"a-list-item\">Bouteilles d&#8217;encre de remplacement \u00e0 haut rendement Jusqu&#8217;\u00e0 66 cartouches d&#8217;encre \u00e0 partir d&#8217;un seul jeu de bouteilles d&#8217;encre1<\/span><\/li>\n<li><span class=\"a-list-item\">Syst\u00e8me de r\u00e9servoir d&#8217;encre sans tracas Profitez de recharges sans g\u00e2chis gr\u00e2ce aux bouteilles \u00e0 cl\u00e9 et aux r\u00e9servoirs orient\u00e9s vers l&#8217;avant.<\/span><\/li>\n<li><span class=\"a-list-item\">Application Epson Smart Panel Configurez, surveillez, imprimez et bien plus encore sans fil depuis votre appareil intelligent4<\/span><\/li>\n<\/ul>\n","protected":false},"featured_media":6715,"comment_status":"open","ping_status":"closed","template":"","meta":{"_acf_changed":false},"product_cat":[188],"product_tag":[],"class_list":{"0":"post-2621","1":"product","2":"type-product","3":"status-publish","4":"has-post-thumbnail","6":"product_cat-printers","8":"first","9":"instock","10":"featured","11":"purchasable","12":"product-type-simple"},"acf":[],"yoast_head":"<!-- This site is optimized with the Yoast SEO plugin v21.9.1 - https:\/\/yoast.com\/wordpress\/plugins\/seo\/ -->\n<title>EPSON EcoTank L3251 - BonPC<\/title>\n<meta name=\"robots\" content=\"index, follow, max-snippet:-1, max-image-preview:large, max-video-preview:-1\" \/>\n<link rel=\"canonical\" href=\"https:\/\/www.bonpc.net\/pc\/produit\/epson-l3251\/\" \/>\n<meta property=\"og:locale\" content=\"fr_FR\" \/>\n<meta property=\"og:type\" content=\"article\" \/>\n<meta property=\"og:title\" content=\"EPSON EcoTank L3251 - BonPC\" \/>\n<meta property=\"og:description\" content=\"Dites adieu aux cartouches   Impression \u00e0 tr\u00e8s faible co\u00fbt \u00c9conomisez jusqu&#039;\u00e0 90 % sur les co\u00fbts d&#039;impression1  Jusqu&#039;\u00e0 3 ans d&#039;encre3 dans la bo\u00eete Comprend 8 100 pages en noir et blanc et 6 500 en couleur3  Bouteilles d&#039;encre de remplacement \u00e0 haut rendement Jusqu&#039;\u00e0 66 cartouches d&#039;encre \u00e0 partir d&#039;un seul jeu de bouteilles d&#039;encre1  Syst\u00e8me de r\u00e9servoir d&#039;encre sans tracas Profitez de recharges sans g\u00e2chis gr\u00e2ce aux bouteilles \u00e0 cl\u00e9 et aux r\u00e9servoirs orient\u00e9s vers l&#039;avant.  Application Epson Smart Panel Configurez, surveillez, imprimez et bien plus encore sans fil depuis votre appareil intelligent4\" \/>\n<meta property=\"og:url\" content=\"https:\/\/www.bonpc.net\/pc\/produit\/epson-l3251\/\" \/>\n<meta property=\"og:site_name\" content=\"BonPC\" \/>\n<meta property=\"article:publisher\" content=\"https:\/\/www.facebook.com\/Bonpc224\" \/>\n<meta property=\"article:modified_time\" content=\"2025-08-02T19:59:57+00:00\" \/>\n<meta property=\"og:image\" content=\"https:\/\/www.bonpc.net\/pc\/wp-content\/uploads\/2024\/02\/a13640-productpicture-hires-en-int-l3251_printer_yield_image.jpg-e1754164716685.jpg\" \/>\n\t<meta property=\"og:image:width\" content=\"670\" \/>\n\t<meta property=\"og:image:height\" content=\"600\" \/>\n\t<meta property=\"og:image:type\" content=\"image\/jpeg\" \/>\n<meta name=\"twitter:card\" content=\"summary_large_image\" \/>\n<meta name=\"twitter:label1\" content=\"Dur\u00e9e de lecture estim\u00e9e\" \/>\n\t<meta name=\"twitter:data1\" content=\"1 minute\" \/>\n<script type=\"application\/ld+json\" class=\"yoast-schema-graph\">{\"@context\":\"https:\/\/schema.org\",\"@graph\":[{\"@type\":\"WebPage\",\"@id\":\"https:\/\/www.bonpc.net\/pc\/produit\/epson-l3251\/\",\"url\":\"https:\/\/www.bonpc.net\/pc\/produit\/epson-l3251\/\",\"name\":\"EPSON EcoTank L3251 - BonPC\",\"isPartOf\":{\"@id\":\"https:\/\/www.bonpc.net\/pc\/#website\"},\"datePublished\":\"2024-02-07T05:23:20+00:00\",\"dateModified\":\"2025-08-02T19:59:57+00:00\",\"breadcrumb\":{\"@id\":\"https:\/\/www.bonpc.net\/pc\/produit\/epson-l3251\/#breadcrumb\"},\"inLanguage\":\"fr-FR\",\"potentialAction\":[{\"@type\":\"ReadAction\",\"target\":[\"https:\/\/www.bonpc.net\/pc\/produit\/epson-l3251\/\"]}]},{\"@type\":\"BreadcrumbList\",\"@id\":\"https:\/\/www.bonpc.net\/pc\/produit\/epson-l3251\/#breadcrumb\",\"itemListElement\":[{\"@type\":\"ListItem\",\"position\":1,\"name\":\"Home\",\"item\":\"https:\/\/www.bonpc.net\/pc\/\"},{\"@type\":\"ListItem\",\"position\":2,\"name\":\"Shop\",\"item\":\"https:\/\/www.bonpc.net\/pc\/shop\/\"},{\"@type\":\"ListItem\",\"position\":3,\"name\":\"EPSON EcoTank L3251\"}]},{\"@type\":\"WebSite\",\"@id\":\"https:\/\/www.bonpc.net\/pc\/#website\",\"url\":\"https:\/\/www.bonpc.net\/pc\/\",\"name\":\"BonPC\",\"description\":\"Ordinateur pour tous\",\"publisher\":{\"@id\":\"https:\/\/www.bonpc.net\/pc\/#organization\"},\"potentialAction\":[{\"@type\":\"SearchAction\",\"target\":{\"@type\":\"EntryPoint\",\"urlTemplate\":\"https:\/\/www.bonpc.net\/pc\/?s={search_term_string}\"},\"query-input\":\"required name=search_term_string\"}],\"inLanguage\":\"fr-FR\"},{\"@type\":\"Organization\",\"@id\":\"https:\/\/www.bonpc.net\/pc\/#organization\",\"name\":\"BonPC\",\"url\":\"https:\/\/www.bonpc.net\/pc\/\",\"logo\":{\"@type\":\"ImageObject\",\"inLanguage\":\"fr-FR\",\"@id\":\"https:\/\/www.bonpc.net\/pc\/#\/schema\/logo\/image\/\",\"url\":\"https:\/\/www.bonpc.net\/pc\/wp-content\/uploads\/2024\/02\/BONPC-LOGO-2@4x-1-e1707323111476.png\",\"contentUrl\":\"https:\/\/www.bonpc.net\/pc\/wp-content\/uploads\/2024\/02\/BONPC-LOGO-2@4x-1-e1707323111476.png\",\"width\":188,\"height\":60,\"caption\":\"BonPC\"},\"image\":{\"@id\":\"https:\/\/www.bonpc.net\/pc\/#\/schema\/logo\/image\/\"},\"sameAs\":[\"https:\/\/www.facebook.com\/Bonpc224\",\"https:\/\/www.instagram.com\/Bonpc24\",\"https:\/\/www.tiktok.com\/@bonpc24?_t=8jgkzBv0QkA&_r=1\",\"https:\/\/www.youtube.com\/@Bonpc-gq1bp\"]}]}<\/script>\n<!-- \/ Yoast SEO plugin. -->","yoast_head_json":{"title":"EPSON EcoTank L3251 - BonPC","robots":{"index":"index","follow":"follow","max-snippet":"max-snippet:-1","max-image-preview":"max-image-preview:large","max-video-preview":"max-video-preview:-1"},"canonical":"https:\/\/www.bonpc.net\/pc\/produit\/epson-l3251\/","og_locale":"fr_FR","og_type":"article","og_title":"EPSON EcoTank L3251 - BonPC","og_description":"Dites adieu aux cartouches   Impression \u00e0 tr\u00e8s faible co\u00fbt \u00c9conomisez jusqu'\u00e0 90 % sur les co\u00fbts d'impression1  Jusqu'\u00e0 3 ans d'encre3 dans la bo\u00eete Comprend 8 100 pages en noir et blanc et 6 500 en couleur3  Bouteilles d'encre de remplacement \u00e0 haut rendement Jusqu'\u00e0 66 cartouches d'encre \u00e0 partir d'un seul jeu de bouteilles d'encre1  Syst\u00e8me de r\u00e9servoir d'encre sans tracas Profitez de recharges sans g\u00e2chis gr\u00e2ce aux bouteilles \u00e0 cl\u00e9 et aux r\u00e9servoirs orient\u00e9s vers l'avant.  Application Epson Smart Panel Configurez, surveillez, imprimez et bien plus encore sans fil depuis votre appareil intelligent4","og_url":"https:\/\/www.bonpc.net\/pc\/produit\/epson-l3251\/","og_site_name":"BonPC","article_publisher":"https:\/\/www.facebook.com\/Bonpc224","article_modified_time":"2025-08-02T19:59:57+00:00","og_image":[{"width":670,"height":600,"url":"https:\/\/www.bonpc.net\/pc\/wp-content\/uploads\/2024\/02\/a13640-productpicture-hires-en-int-l3251_printer_yield_image.jpg-e1754164716685.jpg","type":"image\/jpeg"}],"twitter_card":"summary_large_image","twitter_misc":{"Dur\u00e9e de lecture estim\u00e9e":"1 minute"},"schema":{"@context":"https:\/\/schema.org","@graph":[{"@type":"WebPage","@id":"https:\/\/www.bonpc.net\/pc\/produit\/epson-l3251\/","url":"https:\/\/www.bonpc.net\/pc\/produit\/epson-l3251\/","name":"EPSON EcoTank L3251 - BonPC","isPartOf":{"@id":"https:\/\/www.bonpc.net\/pc\/#website"},"datePublished":"2024-02-07T05:23:20+00:00","dateModified":"2025-08-02T19:59:57+00:00","breadcrumb":{"@id":"https:\/\/www.bonpc.net\/pc\/produit\/epson-l3251\/#breadcrumb"},"inLanguage":"fr-FR","potentialAction":[{"@type":"ReadAction","target":["https:\/\/www.bonpc.net\/pc\/produit\/epson-l3251\/"]}]},{"@type":"BreadcrumbList","@id":"https:\/\/www.bonpc.net\/pc\/produit\/epson-l3251\/#breadcrumb","itemListElement":[{"@type":"ListItem","position":1,"name":"Home","item":"https:\/\/www.bonpc.net\/pc\/"},{"@type":"ListItem","position":2,"name":"Shop","item":"https:\/\/www.bonpc.net\/pc\/shop\/"},{"@type":"ListItem","position":3,"name":"EPSON EcoTank L3251"}]},{"@type":"WebSite","@id":"https:\/\/www.bonpc.net\/pc\/#website","url":"https:\/\/www.bonpc.net\/pc\/","name":"BonPC","description":"Ordinateur pour tous","publisher":{"@id":"https:\/\/www.bonpc.net\/pc\/#organization"},"potentialAction":[{"@type":"SearchAction","target":{"@type":"EntryPoint","urlTemplate":"https:\/\/www.bonpc.net\/pc\/?s={search_term_string}"},"query-input":"required name=search_term_string"}],"inLanguage":"fr-FR"},{"@type":"Organization","@id":"https:\/\/www.bonpc.net\/pc\/#organization","name":"BonPC","url":"https:\/\/www.bonpc.net\/pc\/","logo":{"@type":"ImageObject","inLanguage":"fr-FR","@id":"https:\/\/www.bonpc.net\/pc\/#\/schema\/logo\/image\/","url":"https:\/\/www.bonpc.net\/pc\/wp-content\/uploads\/2024\/02\/BONPC-LOGO-2@4x-1-e1707323111476.png","contentUrl":"https:\/\/www.bonpc.net\/pc\/wp-content\/uploads\/2024\/02\/BONPC-LOGO-2@4x-1-e1707323111476.png","width":188,"height":60,"caption":"BonPC"},"image":{"@id":"https:\/\/www.bonpc.net\/pc\/#\/schema\/logo\/image\/"},"sameAs":["https:\/\/www.facebook.com\/Bonpc224","https:\/\/www.instagram.com\/Bonpc24","https:\/\/www.tiktok.com\/@bonpc24?_t=8jgkzBv0QkA&_r=1","https:\/\/www.youtube.com\/@Bonpc-gq1bp"]}]}},"jetpack_sharing_enabled":true,"_links":{"self":[{"href":"https:\/\/www.bonpc.net\/pc\/wp-json\/wp\/v2\/product\/2621","targetHints":{"allow":["GET"]}}],"collection":[{"href":"https:\/\/www.bonpc.net\/pc\/wp-json\/wp\/v2\/product"}],"about":[{"href":"https:\/\/www.bonpc.net\/pc\/wp-json\/wp\/v2\/types\/product"}],"replies":[{"embeddable":true,"href":"https:\/\/www.bonpc.net\/pc\/wp-json\/wp\/v2\/comments?post=2621"}],"wp:featuredmedia":[{"embeddable":true,"href":"https:\/\/www.bonpc.net\/pc\/wp-json\/wp\/v2\/media\/6715"}],"wp:attachment":[{"href":"https:\/\/www.bonpc.net\/pc\/wp-json\/wp\/v2\/media?parent=2621"}],"wp:term":[{"taxonomy":"product_cat","embeddable":true,"href":"https:\/\/www.bonpc.net\/pc\/wp-json\/wp\/v2\/product_cat?post=2621"},{"taxonomy":"product_tag","embeddable":true,"href":"https:\/\/www.bonpc.net\/pc\/wp-json\/wp\/v2\/product_tag?post=2621"}],"curies":[{"name":"wp","href":"https:\/\/api.w.org\/{rel}","templated":true}]}}