{"id":3855,"date":"2017-02-22T16:36:28","date_gmt":"2017-02-22T16:36:28","guid":{"rendered":"https:\/\/electro.madrasthemes.com\/wishlist\/"},"modified":"2017-02-22T16:36:28","modified_gmt":"2017-02-22T16:36:28","slug":"wishlist","status":"publish","type":"page","link":"https:\/\/www.bonpc.net\/pc\/wishlist\/","title":{"rendered":"Wishlist"},"content":{"rendered":"\n\n\n\n<form\n\tid=\"yith-wcwl-form\"\n\taction=\"https:\/\/www.bonpc.net\/pc\/wishlist\/\"\n\tmethod=\"post\"\n\tclass=\"woocommerce yith-wcwl-form wishlist-fragment\"\n\tdata-fragment-options=\"{&quot;per_page&quot;:5,&quot;current_page&quot;:1,&quot;pagination&quot;:&quot;no&quot;,&quot;wishlist_id&quot;:false,&quot;action_params&quot;:false,&quot;no_interactions&quot;:false,&quot;layout&quot;:&quot;&quot;,&quot;wishlist&quot;:false,&quot;is_default&quot;:true,&quot;is_custom_list&quot;:false,&quot;wishlist_token&quot;:&quot;&quot;,&quot;is_private&quot;:false,&quot;count&quot;:0,&quot;page_title&quot;:&quot;Ma liste de souhait&quot;,&quot;default_wishlsit_title&quot;:&quot;Ma liste de souhait&quot;,&quot;page_links&quot;:false,&quot;is_user_logged_in&quot;:false,&quot;is_user_owner&quot;:true,&quot;can_user_edit_title&quot;:false,&quot;show_price&quot;:true,&quot;show_dateadded&quot;:false,&quot;show_stock_status&quot;:true,&quot;show_add_to_cart&quot;:true,&quot;show_remove_product&quot;:true,&quot;add_to_cart_text&quot;:&quot;Ajouter au panier&quot;,&quot;show_ask_estimate_button&quot;:false,&quot;ask_estimate_url&quot;:&quot;&quot;,&quot;price_excl_tax&quot;:true,&quot;show_cb&quot;:false,&quot;show_quantity&quot;:false,&quot;show_variation&quot;:false,&quot;show_price_variations&quot;:false,&quot;show_update&quot;:false,&quot;enable_drag_n_drop&quot;:false,&quot;enable_add_all_to_cart&quot;:false,&quot;move_to_another_wishlist&quot;:false,&quot;repeat_remove_button&quot;:false,&quot;show_last_column&quot;:true,&quot;heading_icon&quot;:&quot;&lt;i class=\\&quot;fa fa-heart-o\\&quot;&gt;&lt;\\\/i&gt;&quot;,&quot;share_enabled&quot;:false,&quot;template_part&quot;:&quot;view&quot;,&quot;additional_info&quot;:false,&quot;available_multi_wishlist&quot;:false,&quot;form_action&quot;:&quot;https:\\\/\\\/www.bonpc.net\\\/pc\\\/wishlist\\\/&quot;,&quot;item&quot;:&quot;wishlist&quot;}\"\n>\n\n\t<!-- TITLE -->\n\t\t\t<div class=\"wishlist-title-container\">\n\t\t\t<div class=\"wishlist-title \">\n\t\t\t\t<h2>Ma liste de souhait<\/h2>\t\t\t\t\t\t\t<\/div>\n\t\t\t\t\t<\/div>\n\t\t\n\n<!-- WISHLIST TABLE -->\n<table\n\tclass=\"shop_table cart wishlist_table wishlist_view traditional responsive   \"\n\tdata-pagination=\"no\" data-per-page=\"5\" data-page=\"1\"\n\tdata-id=\"\" data-token=\"\">\n\n\t\n\t<thead>\n\t<tr>\n\t\t\n\t\t\t\t\t\t\t\t<th class=\"product-remove\">\n\t\t\t\t<span class=\"nobr\">\n\t\t\t\t\t\t\t\t\t<\/span>\n\t\t\t<\/th>\n\t\t\n\t\t<th class=\"product-thumbnail\"><\/th>\n\n\t\t<th class=\"product-name\">\n\t\t\t<span class=\"nobr\">\n\t\t\t\tNom du produit\t\t\t<\/span>\n\t\t<\/th>\n\n\t\t\t\t\t\t\t\t<th class=\"product-price\">\n\t\t\t\t<span class=\"nobr\">\n\t\t\t\t\tPrix unitaire\t\t\t\t<\/span>\n\t\t\t<\/th>\n\t\t\n\t\t\n\t\t\t\t\t\t\t\t<th class=\"product-stock-status\">\n\t\t\t\t<span class=\"nobr\">\n\t\t\t\t\t\u00c9tat du stock\t\t\t\t<\/span>\n\t\t\t<\/th>\n\t\t\n\t\t\t\t\t\t\t\t<th class=\"product-add-to-cart\">\n\t\t\t\t<span class=\"nobr\">\n\t\t\t\t\t\t\t\t\t<\/span>\n\t\t\t<\/th>\n\t\t\n\t\t\t<\/tr>\n\t<\/thead>\n\n\t<tbody class=\"wishlist-items-wrapper\">\n\t\t\t<tr>\n\t\t\t\t\t\t<td colspan=\"6\" class=\"wishlist-empty\">Aucun produit ajout\u00e9 \u00e0 la liste de souhaits<\/td>\n\t\t<\/tr>\n\t\t\t<\/tbody>\n\n<\/table>\n\n\t<div class=\"yith_wcwl_wishlist_footer\">\n\t\t\n\n\t\t\n\n\t\t\n\t\t\t<\/div>\n\n\t<input type=\"hidden\" id=\"yith_wcwl_edit_wishlist\" name=\"yith_wcwl_edit_wishlist\" value=\"142a44a8a3\" \/><input type=\"hidden\" name=\"_wp_http_referer\" value=\"\/pc\/wp-json\/wp\/v2\/pages\/3855\" \/>\t<input type=\"hidden\" value=\"\" name=\"wishlist_id\" id=\"wishlist_id\">\n\n\t\n<\/form>\n\n\n\n\n","protected":false},"excerpt":{"rendered":"Ma liste de souhait Nom du produit Prix unitaire \u00c9tat du stock Aucun produit ajout\u00e9 \u00e0 la liste de souhaits","protected":false},"author":1,"featured_media":0,"parent":0,"menu_order":0,"comment_status":"closed","ping_status":"closed","template":"","meta":{"_acf_changed":false,"footnotes":""},"class_list":["post-3855","page","type-page","status-publish","hentry"],"acf":[],"yoast_head":"<!-- This site is optimized with the Yoast SEO plugin v21.9.1 - https:\/\/yoast.com\/wordpress\/plugins\/seo\/ -->\n<title>Wishlist - BonPC<\/title>\n<meta name=\"robots\" content=\"index, follow, max-snippet:-1, max-image-preview:large, max-video-preview:-1\" \/>\n<link rel=\"canonical\" href=\"https:\/\/www.bonpc.net\/pc\/wishlist\/\" \/>\n<meta property=\"og:locale\" content=\"fr_FR\" \/>\n<meta property=\"og:type\" content=\"article\" \/>\n<meta property=\"og:title\" content=\"Wishlist - BonPC\" \/>\n<meta property=\"og:url\" content=\"https:\/\/www.bonpc.net\/pc\/wishlist\/\" \/>\n<meta property=\"og:site_name\" content=\"BonPC\" \/>\n<meta property=\"article:publisher\" content=\"https:\/\/www.facebook.com\/Bonpc224\" \/>\n<meta name=\"twitter:card\" content=\"summary_large_image\" \/>\n<script type=\"application\/ld+json\" class=\"yoast-schema-graph\">{\"@context\":\"https:\/\/schema.org\",\"@graph\":[{\"@type\":\"WebPage\",\"@id\":\"https:\/\/www.bonpc.net\/pc\/wishlist\/\",\"url\":\"https:\/\/www.bonpc.net\/pc\/wishlist\/\",\"name\":\"Wishlist - BonPC\",\"isPartOf\":{\"@id\":\"https:\/\/www.bonpc.net\/pc\/#website\"},\"datePublished\":\"2017-02-22T16:36:28+00:00\",\"dateModified\":\"2017-02-22T16:36:28+00:00\",\"breadcrumb\":{\"@id\":\"https:\/\/www.bonpc.net\/pc\/wishlist\/#breadcrumb\"},\"inLanguage\":\"fr-FR\",\"potentialAction\":[{\"@type\":\"ReadAction\",\"target\":[\"https:\/\/www.bonpc.net\/pc\/wishlist\/\"]}]},{\"@type\":\"BreadcrumbList\",\"@id\":\"https:\/\/www.bonpc.net\/pc\/wishlist\/#breadcrumb\",\"itemListElement\":[{\"@type\":\"ListItem\",\"position\":1,\"name\":\"Home\",\"item\":\"https:\/\/www.bonpc.net\/pc\/\"},{\"@type\":\"ListItem\",\"position\":2,\"name\":\"Wishlist\"}]},{\"@type\":\"WebSite\",\"@id\":\"https:\/\/www.bonpc.net\/pc\/#website\",\"url\":\"https:\/\/www.bonpc.net\/pc\/\",\"name\":\"BonPC\",\"description\":\"Ordinateur pour tous\",\"publisher\":{\"@id\":\"https:\/\/www.bonpc.net\/pc\/#organization\"},\"potentialAction\":[{\"@type\":\"SearchAction\",\"target\":{\"@type\":\"EntryPoint\",\"urlTemplate\":\"https:\/\/www.bonpc.net\/pc\/?s={search_term_string}\"},\"query-input\":\"required name=search_term_string\"}],\"inLanguage\":\"fr-FR\"},{\"@type\":\"Organization\",\"@id\":\"https:\/\/www.bonpc.net\/pc\/#organization\",\"name\":\"BonPC\",\"url\":\"https:\/\/www.bonpc.net\/pc\/\",\"logo\":{\"@type\":\"ImageObject\",\"inLanguage\":\"fr-FR\",\"@id\":\"https:\/\/www.bonpc.net\/pc\/#\/schema\/logo\/image\/\",\"url\":\"https:\/\/www.bonpc.net\/pc\/wp-content\/uploads\/2024\/02\/BONPC-LOGO-2@4x-1-e1707323111476.png\",\"contentUrl\":\"https:\/\/www.bonpc.net\/pc\/wp-content\/uploads\/2024\/02\/BONPC-LOGO-2@4x-1-e1707323111476.png\",\"width\":188,\"height\":60,\"caption\":\"BonPC\"},\"image\":{\"@id\":\"https:\/\/www.bonpc.net\/pc\/#\/schema\/logo\/image\/\"},\"sameAs\":[\"https:\/\/www.facebook.com\/Bonpc224\",\"https:\/\/www.instagram.com\/Bonpc24\",\"https:\/\/www.tiktok.com\/@bonpc24?_t=8jgkzBv0QkA&_r=1\",\"https:\/\/www.youtube.com\/@Bonpc-gq1bp\"]}]}<\/script>\n<!-- \/ Yoast SEO plugin. -->","yoast_head_json":{"title":"Wishlist - BonPC","robots":{"index":"index","follow":"follow","max-snippet":"max-snippet:-1","max-image-preview":"max-image-preview:large","max-video-preview":"max-video-preview:-1"},"canonical":"https:\/\/www.bonpc.net\/pc\/wishlist\/","og_locale":"fr_FR","og_type":"article","og_title":"Wishlist - BonPC","og_url":"https:\/\/www.bonpc.net\/pc\/wishlist\/","og_site_name":"BonPC","article_publisher":"https:\/\/www.facebook.com\/Bonpc224","twitter_card":"summary_large_image","schema":{"@context":"https:\/\/schema.org","@graph":[{"@type":"WebPage","@id":"https:\/\/www.bonpc.net\/pc\/wishlist\/","url":"https:\/\/www.bonpc.net\/pc\/wishlist\/","name":"Wishlist - BonPC","isPartOf":{"@id":"https:\/\/www.bonpc.net\/pc\/#website"},"datePublished":"2017-02-22T16:36:28+00:00","dateModified":"2017-02-22T16:36:28+00:00","breadcrumb":{"@id":"https:\/\/www.bonpc.net\/pc\/wishlist\/#breadcrumb"},"inLanguage":"fr-FR","potentialAction":[{"@type":"ReadAction","target":["https:\/\/www.bonpc.net\/pc\/wishlist\/"]}]},{"@type":"BreadcrumbList","@id":"https:\/\/www.bonpc.net\/pc\/wishlist\/#breadcrumb","itemListElement":[{"@type":"ListItem","position":1,"name":"Home","item":"https:\/\/www.bonpc.net\/pc\/"},{"@type":"ListItem","position":2,"name":"Wishlist"}]},{"@type":"WebSite","@id":"https:\/\/www.bonpc.net\/pc\/#website","url":"https:\/\/www.bonpc.net\/pc\/","name":"BonPC","description":"Ordinateur pour tous","publisher":{"@id":"https:\/\/www.bonpc.net\/pc\/#organization"},"potentialAction":[{"@type":"SearchAction","target":{"@type":"EntryPoint","urlTemplate":"https:\/\/www.bonpc.net\/pc\/?s={search_term_string}"},"query-input":"required name=search_term_string"}],"inLanguage":"fr-FR"},{"@type":"Organization","@id":"https:\/\/www.bonpc.net\/pc\/#organization","name":"BonPC","url":"https:\/\/www.bonpc.net\/pc\/","logo":{"@type":"ImageObject","inLanguage":"fr-FR","@id":"https:\/\/www.bonpc.net\/pc\/#\/schema\/logo\/image\/","url":"https:\/\/www.bonpc.net\/pc\/wp-content\/uploads\/2024\/02\/BONPC-LOGO-2@4x-1-e1707323111476.png","contentUrl":"https:\/\/www.bonpc.net\/pc\/wp-content\/uploads\/2024\/02\/BONPC-LOGO-2@4x-1-e1707323111476.png","width":188,"height":60,"caption":"BonPC"},"image":{"@id":"https:\/\/www.bonpc.net\/pc\/#\/schema\/logo\/image\/"},"sameAs":["https:\/\/www.facebook.com\/Bonpc224","https:\/\/www.instagram.com\/Bonpc24","https:\/\/www.tiktok.com\/@bonpc24?_t=8jgkzBv0QkA&_r=1","https:\/\/www.youtube.com\/@Bonpc-gq1bp"]}]}},"jetpack_sharing_enabled":true,"_links":{"self":[{"href":"https:\/\/www.bonpc.net\/pc\/wp-json\/wp\/v2\/pages\/3855","targetHints":{"allow":["GET"]}}],"collection":[{"href":"https:\/\/www.bonpc.net\/pc\/wp-json\/wp\/v2\/pages"}],"about":[{"href":"https:\/\/www.bonpc.net\/pc\/wp-json\/wp\/v2\/types\/page"}],"author":[{"embeddable":true,"href":"https:\/\/www.bonpc.net\/pc\/wp-json\/wp\/v2\/users\/1"}],"replies":[{"embeddable":true,"href":"https:\/\/www.bonpc.net\/pc\/wp-json\/wp\/v2\/comments?post=3855"}],"version-history":[{"count":0,"href":"https:\/\/www.bonpc.net\/pc\/wp-json\/wp\/v2\/pages\/3855\/revisions"}],"wp:attachment":[{"href":"https:\/\/www.bonpc.net\/pc\/wp-json\/wp\/v2\/media?parent=3855"}],"curies":[{"name":"wp","href":"https:\/\/api.w.org\/{rel}","templated":true}]}}